{"id":110,"date":"2017-07-16T16:07:23","date_gmt":"2017-07-16T14:07:23","guid":{"rendered":"http:\/\/lesabeillesdesaclay.com\/?page_id=110"},"modified":"2020-11-05T17:15:18","modified_gmt":"2020-11-05T16:15:18","slug":"les-ruchers","status":"publish","type":"page","link":"https:\/\/lesabeillesdesaclay.com\/?page_id=110","title":{"rendered":"Le Rucher"},"content":{"rendered":"<p>De mani\u00e8re g\u00e9n\u00e9rale, le rucher fonctionne sur un mode associatif, impliquant convivialit\u00e9, \u00e9change et partage, entraide, honn\u00eatet\u00e9, respect de l\u2019autre, de la nature et de l\u2019environnement.<br \/>\nLe fonctionnement du rucher est coop\u00e9ratif, ce qui permet les \u00e9changes et le partage des connaissances. Les d\u00e9cisions prises et discut\u00e9es en r\u00e9union sont implicitement accept\u00e9es et suivies par les adh\u00e9rents.<br \/>\nLes membres de l\u2019association ne peuvent ouvrir les ruches que lors des visites programm\u00e9es, sauf d\u00e9rogation.<br \/>\nL\u2019acc\u00e8s aux personnes \u00e9trang\u00e8res \u00e0 l\u2019association n\u2019est pas permis, sauf autorisation.<\/p>\n<p>Initialement, l&rsquo;association disposait d&rsquo;un rucher, situ\u00e9 sur un terrain mis \u00e0 disposition par la Mairie de Saclay, situ\u00e9 entre la rue de Sacaly et la RD906. Ce rucher est actuellement peupl\u00e9 de 10 ruches. Depuis 2019, un second rucher a \u00e9t\u00e9 cr\u00e9\u00e9, dans un environnement bois\u00e9, sur un terrain priv\u00e9 mis \u00e0 disposition de l&rsquo;Association. Il permettra d&rsquo;accueillir environ 20 ruches.<\/p>\n<p><img loading=\"lazy\" decoding=\"async\" class=\"alignnone wp-image-122 size-large\" src=\"https:\/\/lesabeillesdesaclay.com\/wp-content\/uploads\/2017\/07\/20170717_145349-e1604592657118-1024x343.jpg\" alt=\"\" width=\"525\" height=\"176\" srcset=\"https:\/\/lesabeillesdesaclay.com\/wp-content\/uploads\/2017\/07\/20170717_145349-e1604592657118-1024x343.jpg 1024w, https:\/\/lesabeillesdesaclay.com\/wp-content\/uploads\/2017\/07\/20170717_145349-e1604592657118-300x101.jpg 300w, https:\/\/lesabeillesdesaclay.com\/wp-content\/uploads\/2017\/07\/20170717_145349-e1604592657118-768x258.jpg 768w, https:\/\/lesabeillesdesaclay.com\/wp-content\/uploads\/2017\/07\/20170717_145349-e1604592657118-1536x515.jpg 1536w, https:\/\/lesabeillesdesaclay.com\/wp-content\/uploads\/2017\/07\/20170717_145349-e1604592657118-2048x687.jpg 2048w\" sizes=\"auto, (max-width: 525px) 100vw, 525px\" \/><\/p>\n<p style=\"text-align: center;\">Le rucher de la rue de Sacaly<\/p>\n<p><img loading=\"lazy\" decoding=\"async\" class=\"size-medium wp-image-123 aligncenter\" src=\"https:\/\/lesabeillesdesaclay.com\/wp-content\/uploads\/2017\/07\/20170717_150355-300x225.jpg\" alt=\"\" width=\"300\" height=\"225\" srcset=\"https:\/\/lesabeillesdesaclay.com\/wp-content\/uploads\/2017\/07\/20170717_150355-300x225.jpg 300w, https:\/\/lesabeillesdesaclay.com\/wp-content\/uploads\/2017\/07\/20170717_150355-768x576.jpg 768w, https:\/\/lesabeillesdesaclay.com\/wp-content\/uploads\/2017\/07\/20170717_150355-1024x768.jpg 1024w\" sizes=\"auto, (max-width: 300px) 100vw, 300px\" \/><\/p>\n<p style=\"text-align: center;\">Notre local, rue Charles Thomassin, mis \u00e0 notre disposition par la Mairie de Saclay, et enti\u00e8rement r\u00e9nov\u00e9 par l&rsquo;association.<\/p>\n","protected":false},"excerpt":{"rendered":"<p>De mani\u00e8re g\u00e9n\u00e9rale, le rucher fonctionne sur un mode associatif, impliquant convivialit\u00e9, \u00e9change et partage, entraide, honn\u00eatet\u00e9, respect de l\u2019autre, de la nature et de l\u2019environnement. Le fonctionnement du rucher est coop\u00e9ratif, ce qui permet les \u00e9changes et le partage des connaissances. Les d\u00e9cisions prises et discut\u00e9es en r\u00e9union sont implicitement accept\u00e9es et suivies par &hellip; <\/p>\n<p class=\"link-more\"><a href=\"https:\/\/lesabeillesdesaclay.com\/?page_id=110\" class=\"more-link\">Continuer la lecture<span class=\"screen-reader-text\"> de &laquo;&nbsp;Le Rucher&nbsp;&raquo;<\/span><\/a><\/p>\n","protected":false},"author":1,"featured_media":0,"parent":0,"menu_order":0,"comment_status":"closed","ping_status":"closed","template":"","meta":{"footnotes":""},"class_list":["post-110","page","type-page","status-publish","hentry"],"_links":{"self":[{"href":"https:\/\/lesabeillesdesaclay.com\/index.php?rest_route=\/wp\/v2\/pages\/110","targetHints":{"allow":["GET"]}}],"collection":[{"href":"https:\/\/lesabeillesdesaclay.com\/index.php?rest_route=\/wp\/v2\/pages"}],"about":[{"href":"https:\/\/lesabeillesdesaclay.com\/index.php?rest_route=\/wp\/v2\/types\/page"}],"author":[{"embeddable":true,"href":"https:\/\/lesabeillesdesaclay.com\/index.php?rest_route=\/wp\/v2\/users\/1"}],"replies":[{"embeddable":true,"href":"https:\/\/lesabeillesdesaclay.com\/index.php?rest_route=%2Fwp%2Fv2%2Fcomments&post=110"}],"version-history":[{"count":13,"href":"https:\/\/lesabeillesdesaclay.com\/index.php?rest_route=\/wp\/v2\/pages\/110\/revisions"}],"predecessor-version":[{"id":397,"href":"https:\/\/lesabeillesdesaclay.com\/index.php?rest_route=\/wp\/v2\/pages\/110\/revisions\/397"}],"wp:attachment":[{"href":"https:\/\/lesabeillesdesaclay.com\/index.php?rest_route=%2Fwp%2Fv2%2Fmedia&parent=110"}],"curies":[{"name":"wp","href":"https:\/\/api.w.org\/{rel}","templated":true}]}}