{"id":185,"date":"2018-11-02T18:35:31","date_gmt":"2018-11-02T17:35:31","guid":{"rendered":"http:\/\/lesabeillesdesaclay.com\/?page_id=185"},"modified":"2019-10-06T10:27:30","modified_gmt":"2019-10-06T08:27:30","slug":"pour-les-gourmands","status":"publish","type":"page","link":"https:\/\/lesabeillesdesaclay.com\/?page_id=185","title":{"rendered":"Pour les gourmands"},"content":{"rendered":"<p>Cette page rassemble les meilleures recettes \u00e0 base de miel, test\u00e9es par nos adh\u00e9rents.<\/p>\n<p><strong>Recettes sucr\u00e9es<br \/>\n<\/strong><\/p>\n<p><a href=\"https:\/\/lesabeillesdesaclay.com\/wp-content\/uploads\/2018\/11\/pain-\u00e9pices.pdf\">Pain d&rsquo;\u00e9pices<\/a><\/p>\n<p><a href=\"https:\/\/lesabeillesdesaclay.com\/wp-content\/uploads\/2018\/11\/meringues-au-miel.pdf\">Meringues au miel<\/a><\/p>\n<p><a href=\"https:\/\/lesabeillesdesaclay.com\/wp-content\/uploads\/2018\/11\/cake-au-miel.pdf\">Cake au miel<\/a><\/p>\n<p><a href=\"https:\/\/lesabeillesdesaclay.com\/wp-content\/uploads\/2018\/11\/g\u00e2teau-au-miel-et-noix.pdf\">G\u00e2teau aux noix et miel<\/a><\/p>\n<p><a href=\"https:\/\/lesabeillesdesaclay.com\/wp-content\/uploads\/2018\/11\/G\u00e2teau-de-riz-au-miel.pdf\">G\u00e2teau de riz au miel<\/a><\/p>\n<p><a href=\"https:\/\/lesabeillesdesaclay.com\/wp-content\/uploads\/2018\/11\/Biscuit-au-miel.pdf\">Biscuit au miel<\/a><\/p>\n<p><a href=\"https:\/\/lesabeillesdesaclay.com\/wp-content\/uploads\/2018\/11\/Fondant-au-miel-et-\u00e0-lorange.pdf\">Fondant au miel et \u00e0 l&rsquo;orange<\/a><\/p>\n<p><a href=\"https:\/\/lesabeillesdesaclay.com\/wp-content\/uploads\/2018\/11\/Petits-g\u00e2teaux-aux-raisins-et-aux-\u00e9pices.pdf\">Petits g\u00e2teaux aux raisins et aux \u00e9pices<\/a><\/p>\n<p><a href=\"https:\/\/lesabeillesdesaclay.com\/wp-content\/uploads\/2019\/07\/Galette-des-rois-frangipane.pdf\">Galette des Rois \u00e0 la frangipane<\/a><\/p>\n<p><strong>Recettes sal\u00e9es<\/strong><\/p>\n<p><a href=\"https:\/\/lesabeillesdesaclay.com\/wp-content\/uploads\/2018\/11\/Petits-l\u00e9gumes-\u00e0-laigre-doux.pdf\">Petits l\u00e9gumes croquants \u00e0 l&rsquo;aigre douce<\/a><\/p>\n<p><a href=\"https:\/\/lesabeillesdesaclay.com\/wp-content\/uploads\/2018\/11\/Champignons-farcis-au-fromage-de-ch\u00e8vre-au-miel-et-fines-herbes.pdf\">Champignons farcis au fromage de ch\u00e8vre, miel et fines herbes<\/a><\/p>\n<p><a href=\"https:\/\/lesabeillesdesaclay.com\/wp-content\/uploads\/2018\/11\/Concass\u00e9-de-tomates-\u00e0-lacidul\u00e9-de-miel.pdf\">Concass\u00e9 de tomates \u00e0 l&rsquo;acidul\u00e9 de miel<\/a><\/p>\n<p><a href=\"https:\/\/lesabeillesdesaclay.com\/wp-content\/uploads\/2018\/11\/Confit-doignons-au-miel-et-au-vin-blanc.pdf\">Confit d&rsquo;oignons au miel et au vin blanc<\/a><\/p>\n<p><a href=\"https:\/\/lesabeillesdesaclay.com\/wp-content\/uploads\/2018\/11\/Crepes-roul\u00e9es-ap\u00e9ritives.pdf\">Cr\u00eapes roul\u00e9es ap\u00e9ritives<\/a><\/p>\n<p><a href=\"https:\/\/lesabeillesdesaclay.com\/wp-content\/uploads\/2019\/10\/Chutney_Poires-Tomates-Miel-Epices.pdf\">Chutney poires, tomates et miel<\/a><\/p>\n","protected":false},"excerpt":{"rendered":"<p>Cette page rassemble les meilleures recettes \u00e0 base de miel, test\u00e9es par nos adh\u00e9rents. Recettes sucr\u00e9es Pain d&rsquo;\u00e9pices Meringues au miel Cake au miel G\u00e2teau aux noix et miel G\u00e2teau de riz au miel Biscuit au miel Fondant au miel et \u00e0 l&rsquo;orange Petits g\u00e2teaux aux raisins et aux \u00e9pices Galette des Rois \u00e0 la &hellip; <\/p>\n<p class=\"link-more\"><a href=\"https:\/\/lesabeillesdesaclay.com\/?page_id=185\" class=\"more-link\">Continuer la lecture<span class=\"screen-reader-text\"> de &laquo;&nbsp;Pour les gourmands&nbsp;&raquo;<\/span><\/a><\/p>\n","protected":false},"author":1,"featured_media":0,"parent":0,"menu_order":0,"comment_status":"closed","ping_status":"closed","template":"","meta":{"footnotes":""},"class_list":["post-185","page","type-page","status-publish","hentry"],"_links":{"self":[{"href":"https:\/\/lesabeillesdesaclay.com\/index.php?rest_route=\/wp\/v2\/pages\/185","targetHints":{"allow":["GET"]}}],"collection":[{"href":"https:\/\/lesabeillesdesaclay.com\/index.php?rest_route=\/wp\/v2\/pages"}],"about":[{"href":"https:\/\/lesabeillesdesaclay.com\/index.php?rest_route=\/wp\/v2\/types\/page"}],"author":[{"embeddable":true,"href":"https:\/\/lesabeillesdesaclay.com\/index.php?rest_route=\/wp\/v2\/users\/1"}],"replies":[{"embeddable":true,"href":"https:\/\/lesabeillesdesaclay.com\/index.php?rest_route=%2Fwp%2Fv2%2Fcomments&post=185"}],"version-history":[{"count":29,"href":"https:\/\/lesabeillesdesaclay.com\/index.php?rest_route=\/wp\/v2\/pages\/185\/revisions"}],"predecessor-version":[{"id":370,"href":"https:\/\/lesabeillesdesaclay.com\/index.php?rest_route=\/wp\/v2\/pages\/185\/revisions\/370"}],"wp:attachment":[{"href":"https:\/\/lesabeillesdesaclay.com\/index.php?rest_route=%2Fwp%2Fv2%2Fmedia&parent=185"}],"curies":[{"name":"wp","href":"https:\/\/api.w.org\/{rel}","templated":true}]}}