{"id":320,"date":"2019-04-23T18:43:47","date_gmt":"2019-04-23T16:43:47","guid":{"rendered":"http:\/\/lesabeillesdesaclay.com\/?page_id=320"},"modified":"2019-04-23T19:13:08","modified_gmt":"2019-04-23T17:13:08","slug":"lutter-contre-le-frelon-asiatique","status":"publish","type":"page","link":"https:\/\/lesabeillesdesaclay.com\/?page_id=320","title":{"rendered":"Lutter contre le frelon asiatique"},"content":{"rendered":"<p style=\"text-align: center;\"><strong>Le frelon asiatique<\/strong><\/p>\n<p>Le frelon asiatique est pr\u00e9sent en France depuis le d\u00e9but des ann\u00e9es 2000. Il est vraisemblablement arriv\u00e9 d\u2019Asie dans des containers de marchandises. Aujourd\u2019hui il a colonis\u00e9 la quasi-totalit\u00e9 du territoire fran\u00e7ais, \u00e0 l\u2019exception de quelques d\u00e9partements de l\u2019est et des Alpes.<\/p>\n<p><strong>Pourquoi pose-t-il probl\u00e8me\u00a0?<\/strong><\/p>\n<p>Les frelons asiatiques ont des besoins en \u00e9nergie et en prot\u00e9ines importants, qui leur permettent de construire et de chauffer leur nid, ainsi que de nourrir leurs larves. Selon la saison, leur nourriture est constitu\u00e9e de nectar de fleurs et de fruits murs, mais \u00e9galement de petits animaux, dont de nombreux insectes pollinisateurs\u00a0: abeilles, papillons\u2026 Les frelons asiatiques sont capables de causer de gros d\u00e9g\u00e2ts dans un rucher. Ils ont \u00e9galement une action n\u00e9faste sur l\u2019ensemble des insectes sauvages.<\/p>\n<p><strong>Comment le distinguer du frelon europ\u00e9en\u00a0?<\/strong><\/p>\n<p>Le frelon asiatique se distingue du frelon europ\u00e9en par sa taille (un peu plus petite) mais surtout par sa couleur\u00a0: son thorax est brun fonc\u00e9, son abdomen pr\u00e9sente des anneaux jaunes et l\u2019extr\u00e9mit\u00e9 de ses pattes est \u00e9galement jaune.<\/p>\n<p><img loading=\"lazy\" decoding=\"async\" class=\"aligncenter wp-image-325 size-full\" src=\"https:\/\/lesabeillesdesaclay.com\/wp-content\/uploads\/2019\/04\/frelons-1.png\" alt=\"\" width=\"573\" height=\"222\" srcset=\"https:\/\/lesabeillesdesaclay.com\/wp-content\/uploads\/2019\/04\/frelons-1.png 573w, https:\/\/lesabeillesdesaclay.com\/wp-content\/uploads\/2019\/04\/frelons-1-300x116.png 300w\" sizes=\"auto, (max-width: 573px) 100vw, 573px\" \/><\/p>\n<p><strong>Quel est son cycle de vie\u00a0?<\/strong><\/p>\n<p>C\u2019est en automne que les femelles reproductrices quittent le nid en compagnie des m\u00e2les pour s\u2019accoupler\u00a0; elles sont les seules \u00e0 hiverner tandis que les m\u00e2les, les derni\u00e8res larves et les ouvri\u00e8res meurent. Au printemps, chaque reine fondatrice \u00e9bauche un nouveau nid (nid \u00ab\u00a0primaire\u00a0\u00bb), pond quelques \u0153ufs et soigne ses premi\u00e8res larves qui deviendront, un mois plus tard environ, des ouvri\u00e8res adultes capables de construire et d\u2019entretenir le nid \u00ab\u00a0secondaire\u00a0\u00bb. La reine consacrera alors le reste de sa vie \u00e0 pondre. Avec l\u2019apparition des ouvri\u00e8res, l\u2019activit\u00e9 de la colonie s\u2019intensifie consid\u00e9rablement et la taille du nid augmente pour atteindre son maximum au d\u00e9but de l\u2019automne.<\/p>\n<p>Les nids des frelons asiatiques sont en moyenne cinq fois plus populeux que ceux du frelon d\u2019Europe. Les plus grands peuvent produire plus de 13\u00a0000 individus au cours de la saison (d\u2019avril \u00e0 novembre) et peuvent contenir \u00e0 l\u2019automne pr\u00e8s de 2\u00a0000 ouvri\u00e8res qui \u00e9l\u00e8vent au moins 500 futures fondatrices, mais probablement plus d\u2019un millier, et autant de m\u00e2les (<em>Rome, Q., Villemant, C. Le Frelon asiatique Vespa velutina &#8211; Inventaire <\/em><em>national du Patrimoine naturel<\/em>).<\/p>\n<p><img loading=\"lazy\" decoding=\"async\" class=\"aligncenter wp-image-326 size-full\" src=\"https:\/\/lesabeillesdesaclay.com\/wp-content\/uploads\/2019\/04\/nid-frelons.jpg\" alt=\"\" width=\"633\" height=\"475\" srcset=\"https:\/\/lesabeillesdesaclay.com\/wp-content\/uploads\/2019\/04\/nid-frelons.jpg 633w, https:\/\/lesabeillesdesaclay.com\/wp-content\/uploads\/2019\/04\/nid-frelons-300x225.jpg 300w\" sizes=\"auto, (max-width: 633px) 100vw, 633px\" \/><\/p>\n<p><strong>Comment s\u2019attaque-t-il \u00e0 un rucher\u00a0?<\/strong><\/p>\n<p>Comme cela a \u00e9t\u00e9 dit plus haut, le frelon asiatique mange les abeilles. Et comme il vit en importante colonie, constitu\u00e9e de milliers d\u2019individus, les d\u00e9g\u00e2ts sur un rucher peuvent \u00eatre consid\u00e9rables.<\/p>\n<p>G\u00e9n\u00e9ralement, le frelon asiatique se place en vol stationnaire \u00e0 environ 50 cm de l\u2019entr\u00e9e de la ruche. Lorsque une butineuse est de retour vers la ruche, le frelon se jette sur sa proie, l\u2019agrippe entre ses pattes et l\u2019emm\u00e8ne dans son nid ou sur une branche o\u00f9 il pourra lui sectionner la t\u00eate et l\u2019abdomen, pour conserver le thorax (riche en prot\u00e9ines) et l\u2018emmener dans son nid.<\/p>\n<p>Il peut aussi se poser sur la planche d\u2019envol de la ruche pour y capturer des abeilles, voire m\u00eame p\u00e9n\u00e9trer dans la ruche pour y d\u00e9vorer miel, larves et abeilles.<\/p>\n<p>Si le nombre de frelons asiatiques devant la ruche est important (10 \u00e0 15), le stress des abeilles sera tel qu\u2019elles ne sortiront plus de la ruche pour butiner. La ruche est condamn\u00e9e \u00e0 br\u00e8ve \u00e9ch\u00e9ance.<\/p>\n<p>Le frelon europ\u00e9en est \u00e9galement un pr\u00e9dateur des abeilles. Mais il les attrape en vol et, contrairement au frelon asiatique, \u00a0il ne se poste pas en vol stationnaire devant la ruche\u00a0: les abeilles ne meurent ni de stress, ni de faim. Il est donc beaucoup moins n\u00e9faste que son cousin asiatique.<\/p>\n<p><strong>Comment le pi\u00e9ger\u00a0?<\/strong><\/p>\n<p>Les frelons peuvent \u00eatre pi\u00e9g\u00e9s \u00e0 diff\u00e9rentes p\u00e9riodes de l\u2019ann\u00e9e\u00a0:<\/p>\n<ul>\n<li><u>De mi-f\u00e9vrier \u00e0 fin mars<\/u> (pi\u00e9geage des fondatrices)\u00a0: poser les pi\u00e8ges <strong>\u00e0 proximit\u00e9 des nids l\u2019ann\u00e9e pass\u00e9e<\/strong><\/li>\n<li><u>D\u2019avril \u00e0 mi-juin<\/u>(pi\u00e9geage de printemps)\u00a0: <strong>P\u00e9riode la plus propice pour le pi\u00e9geage<\/strong>\u00a0! Placer les pi\u00e8ges contenant des app\u00e2ts sucr\u00e9s (panach\u00e9\u00a0; sirop de fruit + vin ou\/et panach\u00e9). L\u2019alcool \u00e9loignera les autres insectes butineurs. Les nids primaires doivent \u00eatre d\u00e9truits.<\/li>\n<li><u>De mi-juin \u00e0 fin ao\u00fbt<\/u>: le <strong>pi\u00e9geage est difficile<\/strong> car les frelons sont \u00e0 la recherche de prot\u00e9ines, les app\u00e2ts sucr\u00e9s sont d\u00e9laiss\u00e9s.<\/li>\n<li><u>De septembre \u00e0 novembre<\/u>(Pi\u00e9geage d\u2019automne)\u00a0: <strong>Le pi\u00e9geage avec app\u00e2t sucr\u00e9 redevient possible<\/strong>, par exemple avec un m\u00e9lange de miel parfum\u00e9 (bruy\u00e8re, ch\u00e2taignier\u2026) et d\u2019alcool aromatique (porto ou pineau\u2026)<\/li>\n<li><u>D\u00e9cembre \u2013 janvier\u00a0:<\/u> les nids deviennent visibles et doivent \u00eatre d\u00e9truits, <strong>ne pas pi\u00e9ger<\/strong> pour \u00e9viter de pi\u00e9ger d\u2019autres esp\u00e8ces \u00e0 une p\u00e9riode critique.<\/li>\n<\/ul>\n<p>Il existe des pi\u00e8ges dans le commerce, mas il est tr\u00e8s simple d\u2019en fabriquer \u00e0 partir de bouteilles en plastiques.<\/p>\n<p><strong>Le frelon asiatique pr\u00e9sente-il un risque pour l\u2019homme\u00a0?<\/strong><\/p>\n<p>Le frelon asiatique est peu agressif envers l\u2019homme lorsqu\u2019il est en solitaire. Sa piqure n\u2019est pas plus dangereuse que celle d\u2019une gu\u00eape ou une abeille. Par contre, il va d\u00e9fendre son nid si on s\u2019en approche.<\/p>\n<p><strong>Que faire si on d\u00e9couvre un nid de frelons\u00a0?<\/strong><\/p>\n<p>Seuls des professionnels ou des apiculteurs qualifi\u00e9s, \u00e9quip\u00e9s de mat\u00e9riel adapt\u00e9s et prot\u00e9g\u00e9s correctement, peuvent intervenir pour d\u00e9truire un nid de frelon, car il s\u2019agit d\u2019une op\u00e9ration dangereuse.<\/p>\n<p>Si vous d\u00e9couvrez un nid de frelon primaire (de la taille d\u2019une balle de tennis environ, souvent situ\u00e9 \u00e0 faible hauteur dans un endroit prot\u00e9g\u00e9) ou secondaire (beaucoup plus volumineux, souvent construit beaucoup plus haut, dans un endroit d\u00e9gag\u00e9), contactez l\u2019association qui vous conseillera en fonction de la situation du nid.<\/p>\n<p>Les pompiers n\u2019interviendront que si le nid se trouve dans un espace public.<\/p>\n<p>&nbsp;<\/p>\n<p>R\u00e9f\u00e9rences\u00a0:<\/p>\n<p><a href=\"http:\/\/frelonasiatique.mnhn.fr\">http:\/\/frelonasiatique.mnhn.fr<\/a><\/p>\n<p><a href=\"http:\/\/www.fredonra.com\/filiere-agricole\/multifilieres\/frelon-asiatique\/\">http:\/\/www.fredonra.com\/filiere-agricole\/multifilieres\/frelon-asiatique\/<\/a><\/p>\n<p>Frelon asiatique. Magazine Abeilles et Fleurs, UNAF Hors-s\u00e9rie sp\u00e9cial Mars 2017.<\/p>\n<p>&nbsp;<\/p>\n","protected":false},"excerpt":{"rendered":"<p>Le frelon asiatique Le frelon asiatique est pr\u00e9sent en France depuis le d\u00e9but des ann\u00e9es 2000. Il est vraisemblablement arriv\u00e9 d\u2019Asie dans des containers de marchandises. Aujourd\u2019hui il a colonis\u00e9 la quasi-totalit\u00e9 du territoire fran\u00e7ais, \u00e0 l\u2019exception de quelques d\u00e9partements de l\u2019est et des Alpes. Pourquoi pose-t-il probl\u00e8me\u00a0? Les frelons asiatiques ont des besoins en &hellip; <\/p>\n<p class=\"link-more\"><a href=\"https:\/\/lesabeillesdesaclay.com\/?page_id=320\" class=\"more-link\">Continuer la lecture<span class=\"screen-reader-text\"> de &laquo;&nbsp;Lutter contre le frelon asiatique&nbsp;&raquo;<\/span><\/a><\/p>\n","protected":false},"author":1,"featured_media":0,"parent":0,"menu_order":0,"comment_status":"closed","ping_status":"closed","template":"","meta":{"footnotes":""},"class_list":["post-320","page","type-page","status-publish","hentry"],"_links":{"self":[{"href":"https:\/\/lesabeillesdesaclay.com\/index.php?rest_route=\/wp\/v2\/pages\/320","targetHints":{"allow":["GET"]}}],"collection":[{"href":"https:\/\/lesabeillesdesaclay.com\/index.php?rest_route=\/wp\/v2\/pages"}],"about":[{"href":"https:\/\/lesabeillesdesaclay.com\/index.php?rest_route=\/wp\/v2\/types\/page"}],"author":[{"embeddable":true,"href":"https:\/\/lesabeillesdesaclay.com\/index.php?rest_route=\/wp\/v2\/users\/1"}],"replies":[{"embeddable":true,"href":"https:\/\/lesabeillesdesaclay.com\/index.php?rest_route=%2Fwp%2Fv2%2Fcomments&post=320"}],"version-history":[{"count":3,"href":"https:\/\/lesabeillesdesaclay.com\/index.php?rest_route=\/wp\/v2\/pages\/320\/revisions"}],"predecessor-version":[{"id":327,"href":"https:\/\/lesabeillesdesaclay.com\/index.php?rest_route=\/wp\/v2\/pages\/320\/revisions\/327"}],"wp:attachment":[{"href":"https:\/\/lesabeillesdesaclay.com\/index.php?rest_route=%2Fwp%2Fv2%2Fmedia&parent=320"}],"curies":[{"name":"wp","href":"https:\/\/api.w.org\/{rel}","templated":true}]}}