{"id":74,"date":"2017-07-16T12:53:06","date_gmt":"2017-07-16T10:53:06","guid":{"rendered":"http:\/\/lesabeillesdesaclay.com\/?page_id=74"},"modified":"2026-02-04T11:54:41","modified_gmt":"2026-02-04T10:54:41","slug":"sinscrire","status":"publish","type":"page","link":"https:\/\/lesabeillesdesaclay.com\/?page_id=74","title":{"rendered":"S&rsquo;inscrire"},"content":{"rendered":"<p>Le bulletin d\u2019inscription 2025-2026 est disponible !<\/p>\n<p>Pour le t\u00e9l\u00e9charger cliquer <a href=\"https:\/\/lesabeillesdesaclay.com\/wp-content\/uploads\/2026\/02\/ABS-Bulletin-adhesion-2025-2026.pdf\">ici<\/a><\/p>\n<p>Pour t\u00e9l\u00e9charger le r\u00e8glement int\u00e9rieur (qui est explicitement approuv\u00e9 dans le bulletin d&rsquo;inscription) cliquer <a href=\"https:\/\/lesabeillesdesaclay.com\/wp-content\/uploads\/2019\/09\/Bulletin-adh\u00e9sion-AbeillesdeSaclay-2019-2020.docx\">ici<\/a><\/p>\n\n\n<p><\/p>\n","protected":false},"excerpt":{"rendered":"<p>Le bulletin d\u2019inscription 2025-2026 est disponible ! Pour le t\u00e9l\u00e9charger cliquer ici Pour t\u00e9l\u00e9charger le r\u00e8glement int\u00e9rieur (qui est explicitement approuv\u00e9 dans le bulletin d&rsquo;inscription) cliquer ici<\/p>\n","protected":false},"author":1,"featured_media":0,"parent":0,"menu_order":0,"comment_status":"closed","ping_status":"closed","template":"","meta":{"footnotes":""},"class_list":["post-74","page","type-page","status-publish","hentry"],"_links":{"self":[{"href":"https:\/\/lesabeillesdesaclay.com\/index.php?rest_route=\/wp\/v2\/pages\/74","targetHints":{"allow":["GET"]}}],"collection":[{"href":"https:\/\/lesabeillesdesaclay.com\/index.php?rest_route=\/wp\/v2\/pages"}],"about":[{"href":"https:\/\/lesabeillesdesaclay.com\/index.php?rest_route=\/wp\/v2\/types\/page"}],"author":[{"embeddable":true,"href":"https:\/\/lesabeillesdesaclay.com\/index.php?rest_route=\/wp\/v2\/users\/1"}],"replies":[{"embeddable":true,"href":"https:\/\/lesabeillesdesaclay.com\/index.php?rest_route=%2Fwp%2Fv2%2Fcomments&post=74"}],"version-history":[{"count":27,"href":"https:\/\/lesabeillesdesaclay.com\/index.php?rest_route=\/wp\/v2\/pages\/74\/revisions"}],"predecessor-version":[{"id":468,"href":"https:\/\/lesabeillesdesaclay.com\/index.php?rest_route=\/wp\/v2\/pages\/74\/revisions\/468"}],"wp:attachment":[{"href":"https:\/\/lesabeillesdesaclay.com\/index.php?rest_route=%2Fwp%2Fv2%2Fmedia&parent=74"}],"curies":[{"name":"wp","href":"https:\/\/api.w.org\/{rel}","templated":true}]}}